{"id":79,"date":"2023-11-29T04:54:01","date_gmt":"2023-11-29T04:54:01","guid":{"rendered":"https:\/\/cherzelade.ch\/?page_id=79"},"modified":"2023-11-29T04:55:39","modified_gmt":"2023-11-29T04:55:39","slug":"kontakt","status":"publish","type":"page","link":"https:\/\/cherzelade.ch\/index.php\/duftkerzen-fuer-empfindliche-nasen\/privacy-policy\/kontakt\/","title":{"rendered":"Kontakt"},"content":{"rendered":"<p>Sie erreichen uns per<\/p>\n<p>E-Mail:\u00a0 info (at) cherzelade.ch<\/p>\n<p>WhatsApp und Signal: +41 78 314 30 26<\/p>\n<p>Instagram: @cherzelade.ch<\/p>\n<p>Telefonisch:\u00a0 078 314 30 26<\/p>\n<p>Per Post:<br \/>\nSoft Skills Media Agentur<br \/>\nz.H. cherzelade.ch<br \/>\nLindenweid 22<br \/>\n3045 Meikirch<\/p>\n<p>&nbsp;<\/p>\n<p>Wir verf\u00fcgen nicht \u00fcber Ladenfl\u00e4che; eine Abholung der Ware ist nicht m\u00f6glich.<\/p>\n","protected":false},"excerpt":{"rendered":"<p>Sie erreichen uns per E-Mail:\u00a0 info (at) cherzelade.ch WhatsApp und Signal: +41 78 314 30 26 Instagram: @cherzelade.ch Telefonisch:\u00a0 078 314 30 26 Per Post: Soft Skills Media Agentur z.H. cherzelade.ch Lindenweid 22 3045 Meikirch &nbsp; Wir verf\u00fcgen nicht \u00fcber Ladenfl\u00e4che; eine Abholung der Ware ist nicht m\u00f6glich.<\/p>\n","protected":false},"author":1,"featured_media":0,"parent":3,"menu_order":0,"comment_status":"closed","ping_status":"closed","template":"","meta":{"footnotes":""},"class_list":["post-79","page","type-page","status-publish","hentry"],"_links":{"self":[{"href":"https:\/\/cherzelade.ch\/index.php\/wp-json\/wp\/v2\/pages\/79","targetHints":{"allow":["GET"]}}],"collection":[{"href":"https:\/\/cherzelade.ch\/index.php\/wp-json\/wp\/v2\/pages"}],"about":[{"href":"https:\/\/cherzelade.ch\/index.php\/wp-json\/wp\/v2\/types\/page"}],"author":[{"embeddable":true,"href":"https:\/\/cherzelade.ch\/index.php\/wp-json\/wp\/v2\/users\/1"}],"replies":[{"embeddable":true,"href":"https:\/\/cherzelade.ch\/index.php\/wp-json\/wp\/v2\/comments?post=79"}],"version-history":[{"count":2,"href":"https:\/\/cherzelade.ch\/index.php\/wp-json\/wp\/v2\/pages\/79\/revisions"}],"predecessor-version":[{"id":81,"href":"https:\/\/cherzelade.ch\/index.php\/wp-json\/wp\/v2\/pages\/79\/revisions\/81"}],"up":[{"embeddable":true,"href":"https:\/\/cherzelade.ch\/index.php\/wp-json\/wp\/v2\/pages\/3"}],"wp:attachment":[{"href":"https:\/\/cherzelade.ch\/index.php\/wp-json\/wp\/v2\/media?parent=79"}],"curies":[{"name":"wp","href":"https:\/\/api.w.org\/{rel}","templated":true}]}}