{"id":518,"date":"2024-03-25T09:00:14","date_gmt":"2024-03-25T09:00:14","guid":{"rendered":"https:\/\/cherzelade.ch\/?post_type=product&#038;p=518"},"modified":"2025-11-27T18:07:32","modified_gmt":"2025-11-27T18:07:32","slug":"inspired-by-chopards-wish-bastet","status":"publish","type":"product","link":"https:\/\/cherzelade.ch\/index.php\/produkt\/inspired-by-chopards-wish-bastet\/","title":{"rendered":"Inspired by Chopards Wish &#8211; Bastet"},"content":{"rendered":"<p>Duft-Melt inspred by Wish<\/p>\n<p>Beschreibung des Duftes:<br \/>\nBirne, schwarze Johannisbeere, chinesische Stachelbeere und japanische Yuzu er\u00f6ffnen den Auftakt des Duftes, der bereits nach dem Aufspr\u00fchen alle Sinne berauscht. Die Herznote setzt sich aus einer bet\u00f6renden Kombination von Jasmin, Magnolie, Osmanthus und Patchoulibl\u00fcte zusammen.<\/p>\n<p>Gef\u00fchlt:<br \/>\nGanz Grand Dame &#8211; alterslos frisch und frech geblieben. Hinterl\u00e4sst einen positiven bleibenden Eindruck<\/p>\n<p>Das Duft-Melt kommt zu Dir in Form eines wundersch\u00f6nen Katzenkopfes.<br \/>\nEinfach in die trockene Schale der Duftlampe geben.<br \/>\nGeschmolzen im Duftl\u00e4mpchen zeigt sich der wahre Zauber vom Duft-Melt.<\/p>\n<div style=\"width: 812px;\" class=\"wp-video\"><video class=\"wp-video-shortcode\" id=\"video-518-1\" width=\"812\" height=\"708\" preload=\"metadata\" controls=\"controls\"><source type=\"video\/mp4\" src=\"https:\/\/cherzelade.ch\/wp-content\/uploads\/2024\/03\/cherzelade-ch_chopard-wish-entspannen.mp4?_=1\" \/><a href=\"https:\/\/cherzelade.ch\/wp-content\/uploads\/2024\/03\/cherzelade-ch_chopard-wish-entspannen.mp4\">https:\/\/cherzelade.ch\/wp-content\/uploads\/2024\/03\/cherzelade-ch_chopard-wish-entspannen.mp4<\/a><\/video><\/div>\n<p>&nbsp;<\/p>\n<figure id=\"attachment_248\" aria-describedby=\"caption-attachment-248\" style=\"width: 500px\" class=\"wp-caption alignnone\"><img loading=\"lazy\" decoding=\"async\" class=\"size-medium wp-image-248\" src=\"https:\/\/cherzelade.ch\/wp-content\/uploads\/2024\/03\/duftlampe-doodle-500x360.jpg\" alt=\"Duftlampe Doodle\" width=\"500\" height=\"360\" srcset=\"https:\/\/cherzelade.ch\/wp-content\/uploads\/2024\/03\/duftlampe-doodle-500x360.jpg 500w, https:\/\/cherzelade.ch\/wp-content\/uploads\/2024\/03\/duftlampe-doodle-768x553.jpg 768w, https:\/\/cherzelade.ch\/wp-content\/uploads\/2024\/03\/duftlampe-doodle-416x300.jpg 416w, https:\/\/cherzelade.ch\/wp-content\/uploads\/2024\/03\/duftlampe-doodle.jpg 800w\" sizes=\"auto, (max-width: 500px) 100vw, 500px\" \/><figcaption id=\"caption-attachment-248\" class=\"wp-caption-text\">Duftlampe Doodle<\/figcaption><\/figure>\n","protected":false},"excerpt":{"rendered":"[video width=\"250\" height=\"130\" mp4=\"https:\/\/cherzelade.ch\/wp-content\/uploads\/2024\/03\/cherzelade-ch_chopards-wish-bastet.mp4\"][\/video]\n<p>Bastet &#8211; Duft-Melt inspired by Wish<\/p>\n","protected":false},"featured_media":522,"comment_status":"closed","ping_status":"closed","template":"","meta":[],"product_brand":[],"product_cat":[73,74],"product_tag":[81,79,55,78,80],"class_list":{"0":"post-518","1":"product","2":"type-product","3":"status-publish","4":"has-post-thumbnail","6":"product_cat-damenduefte-duftmelts","7":"product_cat-duftmelts-in-dekorativen-formen","8":"product_tag-bastet","9":"product_tag-duftmelt","10":"product_tag-katze","11":"product_tag-melt","12":"product_tag-wachsmelt","13":"product_shipping_class-portopauschale","15":"first","16":"instock","17":"shipping-taxable","18":"purchasable","19":"product-type-simple"},"_links":{"self":[{"href":"https:\/\/cherzelade.ch\/index.php\/wp-json\/wp\/v2\/product\/518","targetHints":{"allow":["GET"]}}],"collection":[{"href":"https:\/\/cherzelade.ch\/index.php\/wp-json\/wp\/v2\/product"}],"about":[{"href":"https:\/\/cherzelade.ch\/index.php\/wp-json\/wp\/v2\/types\/product"}],"replies":[{"embeddable":true,"href":"https:\/\/cherzelade.ch\/index.php\/wp-json\/wp\/v2\/comments?post=518"}],"wp:featuredmedia":[{"embeddable":true,"href":"https:\/\/cherzelade.ch\/index.php\/wp-json\/wp\/v2\/media\/522"}],"wp:attachment":[{"href":"https:\/\/cherzelade.ch\/index.php\/wp-json\/wp\/v2\/media?parent=518"}],"wp:term":[{"taxonomy":"product_brand","embeddable":true,"href":"https:\/\/cherzelade.ch\/index.php\/wp-json\/wp\/v2\/product_brand?post=518"},{"taxonomy":"product_cat","embeddable":true,"href":"https:\/\/cherzelade.ch\/index.php\/wp-json\/wp\/v2\/product_cat?post=518"},{"taxonomy":"product_tag","embeddable":true,"href":"https:\/\/cherzelade.ch\/index.php\/wp-json\/wp\/v2\/product_tag?post=518"}],"curies":[{"name":"wp","href":"https:\/\/api.w.org\/{rel}","templated":true}]}}