{"id":533,"date":"2024-03-25T09:41:31","date_gmt":"2024-03-25T09:41:31","guid":{"rendered":"https:\/\/cherzelade.ch\/?post_type=product&#038;p=533"},"modified":"2025-11-27T18:07:56","modified_gmt":"2025-11-27T18:07:56","slug":"inspired-by-chopards-wish-herz","status":"publish","type":"product","link":"https:\/\/cherzelade.ch\/index.php\/produkt\/inspired-by-chopards-wish-herz\/","title":{"rendered":"Inspired by Chopards Wish &#8211; es h\u00e4rzigs H\u00e4rzli"},"content":{"rendered":"<p>Duft-Melt inspred by Wish<\/p>\n<p>Beschreibung des Duftes:<br \/>\nBirne, schwarze Johannisbeere, chinesische Stachelbeere und japanische Yuzu er\u00f6ffnen den Auftakt des Duftes, der bereits nach dem Aufspr\u00fchen alle Sinne berauscht. Die Herznote setzt sich aus einer bet\u00f6renden Kombination von Jasmin, Magnolie, Osmanthus und Patchoulibl\u00fcte zusammen.<\/p>\n<p>Gef\u00fchlt:<br \/>\nGanz Grand Dame &#8211; alterslos frisch und frech geblieben. Hinterl\u00e4sst einen positiven bleibenden Eindruck<\/p>\n<p>Das Duft-Melt kommt zu Dir in Form eines Herzchen.<br \/>\nEinfach in die trockene Schale der Duftlampe geben.<br \/>\nGeschmolzen im Duftl\u00e4mpchen zeigt sich der wahre Zauber vom Duft-Melt.<\/p>\n<div style=\"width: 812px;\" class=\"wp-video\"><video class=\"wp-video-shortcode\" id=\"video-533-1\" width=\"812\" height=\"708\" preload=\"metadata\" controls=\"controls\"><source type=\"video\/mp4\" src=\"https:\/\/cherzelade.ch\/wp-content\/uploads\/2024\/03\/cherzelade-ch_chopard-wish-entspannen.mp4?_=1\" \/><a href=\"https:\/\/cherzelade.ch\/wp-content\/uploads\/2024\/03\/cherzelade-ch_chopard-wish-entspannen.mp4\">https:\/\/cherzelade.ch\/wp-content\/uploads\/2024\/03\/cherzelade-ch_chopard-wish-entspannen.mp4<\/a><\/video><\/div>\n<p>&nbsp;<\/p>\n","protected":false},"excerpt":{"rendered":"[video width=\"250\" height=\"209\" mp4=\"https:\/\/cherzelade.ch\/wp-content\/uploads\/2024\/03\/cherzelade-ch-chopard-wish.mp4\"][\/video]\n<p>H\u00e4rzli &#8211; Duft-Melt inspired by Wish<\/p>\n","protected":false},"featured_media":525,"comment_status":"closed","ping_status":"closed","template":"","meta":[],"product_brand":[],"product_cat":[73,74],"product_tag":[79,40,78,80],"class_list":{"0":"post-533","1":"product","2":"type-product","3":"status-publish","4":"has-post-thumbnail","6":"product_cat-damenduefte-duftmelts","7":"product_cat-duftmelts-in-dekorativen-formen","8":"product_tag-duftmelt","9":"product_tag-herz","10":"product_tag-melt","11":"product_tag-wachsmelt","12":"product_shipping_class-portopauschale","14":"first","15":"instock","16":"shipping-taxable","17":"purchasable","18":"product-type-simple"},"_links":{"self":[{"href":"https:\/\/cherzelade.ch\/index.php\/wp-json\/wp\/v2\/product\/533","targetHints":{"allow":["GET"]}}],"collection":[{"href":"https:\/\/cherzelade.ch\/index.php\/wp-json\/wp\/v2\/product"}],"about":[{"href":"https:\/\/cherzelade.ch\/index.php\/wp-json\/wp\/v2\/types\/product"}],"replies":[{"embeddable":true,"href":"https:\/\/cherzelade.ch\/index.php\/wp-json\/wp\/v2\/comments?post=533"}],"wp:featuredmedia":[{"embeddable":true,"href":"https:\/\/cherzelade.ch\/index.php\/wp-json\/wp\/v2\/media\/525"}],"wp:attachment":[{"href":"https:\/\/cherzelade.ch\/index.php\/wp-json\/wp\/v2\/media?parent=533"}],"wp:term":[{"taxonomy":"product_brand","embeddable":true,"href":"https:\/\/cherzelade.ch\/index.php\/wp-json\/wp\/v2\/product_brand?post=533"},{"taxonomy":"product_cat","embeddable":true,"href":"https:\/\/cherzelade.ch\/index.php\/wp-json\/wp\/v2\/product_cat?post=533"},{"taxonomy":"product_tag","embeddable":true,"href":"https:\/\/cherzelade.ch\/index.php\/wp-json\/wp\/v2\/product_tag?post=533"}],"curies":[{"name":"wp","href":"https:\/\/api.w.org\/{rel}","templated":true}]}}